{"id":1220,"date":"2021-07-19T12:41:40","date_gmt":"2021-07-19T11:41:40","guid":{"rendered":"https:\/\/fareshare.cymru\/ymaelodi-gyda-fareshare-cymru\/"},"modified":"2021-07-19T12:41:41","modified_gmt":"2021-07-19T11:41:41","slug":"ymaelodi-gyda-fareshare-cymru","status":"publish","type":"page","link":"https:\/\/fareshare.cymru\/cy\/ymaelodi-gyda-fareshare-cymru\/","title":{"rendered":"Ymaelodi gyda FareShare Cymru"},"content":{"rendered":"\n<p>Rydym yn cydweithio gydag amrywiaeth eang o fudiadau gan gynnig cefnogaeth frys iddyn nhw drwy fynd ati i fodloni eu hanghenion bwyd, o bantr\u00efau cymunedol, clybiau cinio, canolfannau cymunedol a chlybiau ar \u00f4l ysgol i fanciau bwyd. Ein nod ydy rhoi diwedd ar newyn yn Ne Cymru drwy drechu gwastraff bwyd a sicrhau caiff bwyd da ei ddefnyddio\u2019n effeithiol i gefnogi\u2019r rheiny sydd mewn angen. <\/p>\n\n<h3 class=\"wp-block-heading\">Sut ydym ni\u2019n ymaelodi? <\/h3>\n\n<p>I fynd rhagddi gyda\u2019r broses ymaelodi, cwblhewch ein ffurflen gais FareShare Cymru drwy glicio ar y botwm <strong>Ymaelodi gyda ni<\/strong> uchod<strong>.<\/strong> Byddwn yn cysylltu\u2019n \u00f4l gyda chi cyn gynted \u00e2 phosib er mwyn trafod sut gallwn ni gynnig bwyd i\u2019ch mudiad chi. Unwaith inni sgwrsio gyda chi, byddwn yn ymweld \u00e2\u2019ch mudiad i\u2019ch cyfarwyddo ynghylch y broses ymaelodi ac yn cyflawni gwiriad o\u2019ch cegin.<\/p>\n\n<p>Unwaith ichi ymaelodi gyda FareShare Cymru, gallwch edrych ymlaen at dderbyn archeb bwyd. Byddwch yn derbyn eich pecyn bwyd pob wythnos yn seiliedig ar eich anghenion chi ac fe fyddai wedi\u2019i baratoi gan ein gwirfoddolwyr anhygoel.<\/p>\n   \n<section class=\"staggered-block block-bottom container-fluid  fullwidth\" aria-label=\"Staggered content\">\n\n\t\t\n\t\t\t\n\t<div class=\"row staggered-row px-3 py-2\">\n\t\t\n\t\t\n\t\t<div class=\"img-block col-md-6 col-lg-5 px-0 position-relative overflow-hidden\" data-aos=\"fade-in\" data-aos-duration=\"1000\">\n\t\t\t<div class=\"img-wrap position-absolute d-flex align-items-center justify-content-center\"><img loading=\"lazy\" decoding=\"async\" width=\"1200\" height=\"800\" src=\"https:\/\/fareshare.cymru\/wp-content\/uploads\/2021\/03\/FareShare_Rob_Pinney_87-1200x800.jpg\" class=\"cover-img contain-sml\" alt=\"\" srcset=\"https:\/\/fareshare.cymru\/wp-content\/uploads\/2021\/03\/FareShare_Rob_Pinney_87-1200x800.jpg 1200w, https:\/\/fareshare.cymru\/wp-content\/uploads\/2021\/03\/FareShare_Rob_Pinney_87-600x400.jpg 600w, https:\/\/fareshare.cymru\/wp-content\/uploads\/2021\/03\/FareShare_Rob_Pinney_87-768x512.jpg 768w, https:\/\/fareshare.cymru\/wp-content\/uploads\/2021\/03\/FareShare_Rob_Pinney_87-1536x1024.jpg 1536w, https:\/\/fareshare.cymru\/wp-content\/uploads\/2021\/03\/FareShare_Rob_Pinney_87.jpg 1920w\" sizes=\"auto, (max-width: 1200px) 100vw, 1200px\" \/><\/div>\n\t\t<\/div>\n\n\t\t \n\t\n\t\t<div class=\"text-block d-flex align-items-center col-md px-0 bg-light\" data-aos=\"fade-in\" data-aos-duration=\"1000\">\n\t\t\t <div class=\"content-inner p-4 p-lg-5\">\n\t\t\t\t<h3>O le daw bwyd FareShare Cymru?<\/h3>\t\t\t\t<div class=\"copy-wrap\"><p><span style=\"font-weight: 400;\">Mae\u2019r bwyd rydym ni\u2019n ei gyflenwi yn ffres, yn amrywiol ac o safon uchel. Caiff ei bennu fel bwyd dros ben am sawl rheswm sydd ddim yn effeithio ar y bwyd ei hun, o wallau gyda\u2019r pecynnau i gynigion arbennig yn dod i ben. Caiff y bwyd ei gyfrannu gan rai o\u2019r archfarchnadoedd cadwyn sylweddol, yn ogystal \u00e2 chwmn\u00efau bwyd lleol a rhanbarthol. Mae FareShare Cymru yn cydymffurfio gyda pholis\u00efau a gweithdrefnau llym o ran storio a chludo bwyd er mwyn bodloni\u2019r holl ddeddfwriaethau diogelwch bwyd.\u00a0<\/span><\/p>\n<\/div>\t\t\t\t \n\t\t\t\t\t\t\t\t\t\t\t\t\t\t\t<a href=\"https:\/\/fareshare.cymru\/cy\/ymaelodi-gyda-fareshare-cymru\/\" class=\"btn btn-primary\" role=\"button\" aria-label=\"Link to read more\">Canfod mwy am ein partneriaid bwyd<\/a>\n\t\t\t\t\t\t\t\t\t\t\t\t <\/div>\n\t\t<\/div>\n\n\t<\/div>\n\n\t\t\n\t\t\t\n\t<div class=\"row staggered-row px-3 py-2\">\n\t\t\n\t\t\n\t\t<div class=\"img-block col-md-6 col-lg-5 px-0 position-relative overflow-hidden\" data-aos=\"fade-in\" data-aos-duration=\"1000\">\n\t\t\t<div class=\"img-wrap position-absolute d-flex align-items-center justify-content-center\"><img loading=\"lazy\" decoding=\"async\" width=\"1200\" height=\"800\" src=\"https:\/\/fareshare.cymru\/wp-content\/uploads\/2021\/03\/FS_CFM-38-1200x800.jpg\" class=\"cover-img contain-sml\" alt=\"\" srcset=\"https:\/\/fareshare.cymru\/wp-content\/uploads\/2021\/03\/FS_CFM-38-1200x800.jpg 1200w, https:\/\/fareshare.cymru\/wp-content\/uploads\/2021\/03\/FS_CFM-38-600x400.jpg 600w, https:\/\/fareshare.cymru\/wp-content\/uploads\/2021\/03\/FS_CFM-38-768x512.jpg 768w, https:\/\/fareshare.cymru\/wp-content\/uploads\/2021\/03\/FS_CFM-38-1536x1024.jpg 1536w, https:\/\/fareshare.cymru\/wp-content\/uploads\/2021\/03\/FS_CFM-38.jpg 1920w\" sizes=\"auto, (max-width: 1200px) 100vw, 1200px\" \/><\/div>\n\t\t<\/div>\n\n\t\t \n\t\n\t\t<div class=\"text-block d-flex align-items-center col-md px-0 bg-light\" data-aos=\"fade-in\" data-aos-duration=\"1000\">\n\t\t\t <div class=\"content-inner p-4 p-lg-5\">\n\t\t\t\t<h3>Allwch chi gynnig syniad pendant o\u2019r bwyd y byddwn ni\u2019n ei dderbyn?<\/h3>\t\t\t\t<div class=\"copy-wrap\"><p><span style=\"font-weight: 400;\">Gan mai bwyd dros ben rydym ni\u2019n ei dderbyn, ni allwn sicrhau pa fwydydd fyddwch chi\u2019n ei dderbyn. Yn lle hynny, byddwn yn llunio proffil bwyd ar gyfer pob un o\u2019n haelodau sy\u2019n bodloni anghenion eich mudiad. Pob wythnos, byddwn yn paratoi archeb ichi ar sail eich dewisiadau bwyd a\u2019r cyflenwad sydd gennym ni. Yna bydd ein gwirfoddolwyr yn mynd ati i bacio\u2019r archeb ichi. Rydym yn derbyn pob math o fwydydd o bysgod i ffrwyth ffres a chawsiau i ffa pob. Os oes gennym ni gyflenwad dros ben y diwrnod hwnnw, mae\u2019n bosib y cewch chi ychydig o eitemau ychwanegol hefyd! <\/span><\/p>\n<\/div>\t\t\t\t \n\t\t\t\t\t\t\t <\/div>\n\t\t<\/div>\n\n\t<\/div>\n\n\t\t\n\t\t\t\n\t<div class=\"row staggered-row px-3 py-2\">\n\t\t\n\t\t\n\t\t<div class=\"img-block col-md-6 col-lg-5 px-0 position-relative overflow-hidden\" data-aos=\"fade-in\" data-aos-duration=\"1000\">\n\t\t\t<div class=\"img-wrap position-absolute d-flex align-items-center justify-content-center\"><img loading=\"lazy\" decoding=\"async\" width=\"1200\" height=\"800\" src=\"https:\/\/fareshare.cymru\/wp-content\/uploads\/2021\/03\/IMG_9018-1-1200x800.jpg\" class=\"cover-img contain-sml\" alt=\"\" srcset=\"https:\/\/fareshare.cymru\/wp-content\/uploads\/2021\/03\/IMG_9018-1-1200x800.jpg 1200w, https:\/\/fareshare.cymru\/wp-content\/uploads\/2021\/03\/IMG_9018-1-600x400.jpg 600w, https:\/\/fareshare.cymru\/wp-content\/uploads\/2021\/03\/IMG_9018-1-768x512.jpg 768w, https:\/\/fareshare.cymru\/wp-content\/uploads\/2021\/03\/IMG_9018-1-1536x1024.jpg 1536w, https:\/\/fareshare.cymru\/wp-content\/uploads\/2021\/03\/IMG_9018-1.jpg 1920w\" sizes=\"auto, (max-width: 1200px) 100vw, 1200px\" \/><\/div>\n\t\t<\/div>\n\n\t\t \n\t\n\t\t<div class=\"text-block d-flex align-items-center col-md px-0 bg-light\" data-aos=\"fade-in\" data-aos-duration=\"1000\">\n\t\t\t <div class=\"content-inner p-4 p-lg-5\">\n\t\t\t\t<h3>Oes gofyn i fy mudiad dalu unrhyw beth? <\/h3>\t\t\t\t<div class=\"copy-wrap\"><p><span style=\"font-weight: 400;\">Rydym yn elusen felly rydym yn dibynnu ar gyfraniadau a grantiau i\u2019n cynnal ni. <\/span><span style=\"font-weight: 400;\">Gofynnwn i\u2019n holl aelodau llawn am ffi fach tuag at ein costau gweithredu. Mae\u2019r costau\u2019n cychwyn o \u00a365 y mis (oddeutu \u00a315 yr wythnos) i dderbyn cyflenwad rheolaidd o fwyd o ein warws.<\/span><span style=\"font-weight: 400;\">, Mae ein gwasanaeth casglu o\u2019r archfarchnad, FareShare Go yn rhad ac am ddim, i ategu\u2019ch prif gyflenwad bwyd. Gallai aelodau elusen FareShare arbed cymaint \u00e2 \u00a37,900 y flwyddyn ar gyfartaledd oddi ar eu bil bwyd. Mae hyn yn golygu bod modd iddyn nhw fuddsoddi mewn gwasanaethau hanfodol eraill. <\/span><\/p>\n<\/div>\t\t\t\t \n\t\t\t\t\t\t\t\t\t\t\t\t\t\t\t<a href=\"https:\/\/fareshare.cymru\/cy\/fareshare-go\/\" class=\"btn btn-primary\" role=\"button\" aria-label=\"Link to read more\">FareShare Go<\/a>\n\t\t\t\t\t\t\t\t\t\t\t\t <\/div>\n\t\t<\/div>\n\n\t<\/div>\n\n\t\n<\/section>\n\n\n\n<section class=\"bg-light fullwidth block-bottom pad-top pad-bottom remove-bottom-margin\" aria-label=\"Posts list content\">\n\t<div class=\"container fullwidth\">\n\t\t\t\t<div class=\"d-flex flex-wrap\">\n\t\t\t\t\t\t\t<div class=\"col-12 col-md-6 col-lg\">\n\t\t\t\t\t<div class=\"hover-block position-relative d-flex flex-column justify-content-center align-items-center overflow-hidden block-bottom landscape-pad w-100\" data-aos=\"fade-in\" data-aos-duration=\"1000\">\n\n\t\t<div class=\"img-wrap position-absolute blockfill d-flex justify-content-center align-items-center z-1\">\n\t\t<img loading=\"lazy\" decoding=\"async\" width=\"1200\" height=\"800\" src=\"https:\/\/fareshare.cymru\/wp-content\/uploads\/2021\/11\/FS_Work_Masks-2-1200x800.webp\" class=\"cover-img wp-post-image\" alt=\"\" srcset=\"https:\/\/fareshare.cymru\/wp-content\/uploads\/2021\/11\/FS_Work_Masks-2-1200x800.webp 1200w, https:\/\/fareshare.cymru\/wp-content\/uploads\/2021\/11\/FS_Work_Masks-2-600x400.webp 600w, https:\/\/fareshare.cymru\/wp-content\/uploads\/2021\/11\/FS_Work_Masks-2-768x512.webp 768w, https:\/\/fareshare.cymru\/wp-content\/uploads\/2021\/11\/FS_Work_Masks-2-1536x1024.webp 1536w, https:\/\/fareshare.cymru\/wp-content\/uploads\/2021\/11\/FS_Work_Masks-2-2048x1365.webp 2048w\" sizes=\"auto, (max-width: 1200px) 100vw, 1200px\" \/>\t\t<div class=\"img-fade-gradient position-absolute blockfill\"><\/div>\n\t<\/div>\n\t\n\t<div class=\"hover-head position-absolute blockfill z-2 text-white text-center d-flex align-items-center justify-content-end flex-column p-3\">\n\t\t<h3 class=\"hover-title\">FareShare Go<\/h3>\n\t\t<div class=\"hover-excerpt\">\n\t\t\t<small>\n\t\t\t\t<p>Bydd y bwyd byddwch chi\u2019n ei gasglu\u2019n fwyd dros ben sydd heb ei werthu erbyn diwedd y dydd. Mae ein holl fwyd yn fwyd <\/p>\n\t\t\t<\/small>\n\t\t\t<a href=\"https:\/\/fareshare.cymru\/cy\/fareshare-go\/\" class=\"btn hover-more btn-outline-light btn-sm\" itemprop=\"url\">Find out more<\/a>\n\t\t<\/div>\n\t<\/div>\n\n\t<a class=\"biglink position-absolute blockfill z-3\" href=\"https:\/\/fareshare.cymru\/cy\/fareshare-go\/\" aria-label=\"Link to read full article\" itemprop=\"url\"><\/a>\n<\/div>\t\t\t\t<\/div>\n\t\t\t\t\t\t\t<div class=\"col-12 col-md-6 col-lg\">\n\t\t\t\t\t<div class=\"hover-block position-relative d-flex flex-column justify-content-center align-items-center overflow-hidden block-bottom landscape-pad w-100\" data-aos=\"fade-in\" data-aos-duration=\"1000\">\n\n\t\t<div class=\"img-wrap position-absolute blockfill d-flex justify-content-center align-items-center z-1\">\n\t\t<img loading=\"lazy\" decoding=\"async\" width=\"1200\" height=\"800\" src=\"https:\/\/fareshare.cymru\/wp-content\/uploads\/2021\/03\/Eliana-Splott-Community-2-1200x800.jpg\" class=\"cover-img wp-post-image\" alt=\"\" srcset=\"https:\/\/fareshare.cymru\/wp-content\/uploads\/2021\/03\/Eliana-Splott-Community-2-1200x800.jpg 1200w, https:\/\/fareshare.cymru\/wp-content\/uploads\/2021\/03\/Eliana-Splott-Community-2-600x400.jpg 600w, https:\/\/fareshare.cymru\/wp-content\/uploads\/2021\/03\/Eliana-Splott-Community-2-768x512.jpg 768w, https:\/\/fareshare.cymru\/wp-content\/uploads\/2021\/03\/Eliana-Splott-Community-2-1536x1024.jpg 1536w, https:\/\/fareshare.cymru\/wp-content\/uploads\/2021\/03\/Eliana-Splott-Community-2.jpg 1920w\" sizes=\"auto, (max-width: 1200px) 100vw, 1200px\" \/>\t\t<div class=\"img-fade-gradient position-absolute blockfill\"><\/div>\n\t<\/div>\n\t\n\t<div class=\"hover-head position-absolute blockfill z-2 text-white text-center d-flex align-items-center justify-content-end flex-column p-3\">\n\t\t<h3 class=\"hover-title\">Manteisio ar fwyd<\/h3>\n\t\t<div class=\"hover-excerpt\">\n\t\t\t<small>\n\t\t\t\t<p>Mae FareShare Cymru yn cyflenwi dros 210 o fudiadau rheng flaen hanfodol ledled Cymru gyda bwyd dros ben ffres, blasus ac sydd o fewn <\/p>\n\t\t\t<\/small>\n\t\t\t<a href=\"https:\/\/fareshare.cymru\/cy\/manteisio-ar-fwyd\/\" class=\"btn hover-more btn-outline-light btn-sm\" itemprop=\"url\">Find out more<\/a>\n\t\t<\/div>\n\t<\/div>\n\n\t<a class=\"biglink position-absolute blockfill z-3\" href=\"https:\/\/fareshare.cymru\/cy\/manteisio-ar-fwyd\/\" aria-label=\"Link to read full article\" itemprop=\"url\"><\/a>\n<\/div>\t\t\t\t<\/div>\n\t\t\t\t\t\t\t<div class=\"col-12 col-md-6 col-lg\">\n\t\t\t\t\t<div class=\"hover-block position-relative d-flex flex-column justify-content-center align-items-center overflow-hidden block-bottom landscape-pad w-100\" data-aos=\"fade-in\" data-aos-duration=\"1000\">\n\n\t\t<div class=\"img-wrap position-absolute blockfill d-flex justify-content-center align-items-center z-1\">\n\t\t<img loading=\"lazy\" decoding=\"async\" width=\"1200\" height=\"799\" src=\"https:\/\/fareshare.cymru\/wp-content\/uploads\/2023\/11\/NDF_1226-1200x799.jpg\" class=\"cover-img wp-post-image\" alt=\"\" srcset=\"https:\/\/fareshare.cymru\/wp-content\/uploads\/2023\/11\/NDF_1226-1200x799.jpg 1200w, https:\/\/fareshare.cymru\/wp-content\/uploads\/2023\/11\/NDF_1226-600x399.jpg 600w, https:\/\/fareshare.cymru\/wp-content\/uploads\/2023\/11\/NDF_1226-300x200.jpg 300w, https:\/\/fareshare.cymru\/wp-content\/uploads\/2023\/11\/NDF_1226-768x511.jpg 768w, https:\/\/fareshare.cymru\/wp-content\/uploads\/2023\/11\/NDF_1226-1536x1022.jpg 1536w, https:\/\/fareshare.cymru\/wp-content\/uploads\/2023\/11\/NDF_1226-2048x1363.jpg 2048w\" sizes=\"auto, (max-width: 1200px) 100vw, 1200px\" \/>\t\t<div class=\"img-fade-gradient position-absolute blockfill\"><\/div>\n\t<\/div>\n\t\n\t<div class=\"hover-head position-absolute blockfill z-2 text-white text-center d-flex align-items-center justify-content-end flex-column p-3\">\n\t\t<h3 class=\"hover-title\">Ymaelodi gyda FareShare Cymru<\/h3>\n\t\t<div class=\"hover-excerpt\">\n\t\t\t<small>\n\t\t\t\t<p>Rydym yn cydweithio gydag amrywiaeth eang o fudiadau gan gynnig cefnogaeth frys iddyn nhw drwy fynd ati i fodloni eu hanghenion bwyd, o bantr\u00efau <\/p>\n\t\t\t<\/small>\n\t\t\t<a href=\"https:\/\/fareshare.cymru\/cy\/ymaelodi-gyda-fareshare-cymru\/\" class=\"btn hover-more btn-outline-light btn-sm\" itemprop=\"url\">Find out more<\/a>\n\t\t<\/div>\n\t<\/div>\n\n\t<a class=\"biglink position-absolute blockfill z-3\" href=\"https:\/\/fareshare.cymru\/cy\/ymaelodi-gyda-fareshare-cymru\/\" aria-label=\"Link to read full article\" itemprop=\"url\"><\/a>\n<\/div>\t\t\t\t<\/div>\n\t\t\t\t\t<\/div>\n\t<\/div>\n<\/section>\n","protected":false},"excerpt":{"rendered":"<p>Rydym yn cydweithio gydag amrywiaeth eang o fudiadau gan gynnig cefnogaeth frys iddyn nhw drwy fynd ati i fodloni eu hanghenion bwyd, o bantr\u00efau <\/p>\n","protected":false},"author":1,"featured_media":3703,"parent":0,"menu_order":0,"comment_status":"closed","ping_status":"closed","template":"","meta":{"_acf_changed":false,"_monsterinsights_skip_tracking":false,"_monsterinsights_sitenote_active":false,"_monsterinsights_sitenote_note":"","_monsterinsights_sitenote_category":0,"footnotes":""},"class_list":["post-1220","page","type-page","status-publish","has-post-thumbnail","hentry"],"acf":[],"yoast_head":"<!-- This site is optimized with the Yoast SEO plugin v27.3 - https:\/\/yoast.com\/product\/yoast-seo-wordpress\/ -->\n<title>Ymaelodi gyda FareShare Cymru - FareShare Cymru<\/title>\n<meta name=\"robots\" content=\"index, follow, max-snippet:-1, max-image-preview:large, max-video-preview:-1\" \/>\n<link rel=\"canonical\" href=\"https:\/\/fareshare.cymru\/cy\/ymaelodi-gyda-fareshare-cymru\/\" \/>\n<meta property=\"og:locale\" content=\"cy_GB\" \/>\n<meta property=\"og:type\" content=\"article\" \/>\n<meta property=\"og:title\" content=\"Ymaelodi gyda FareShare Cymru - FareShare Cymru\" \/>\n<meta property=\"og:description\" content=\"Rydym yn cydweithio gydag amrywiaeth eang o fudiadau gan gynnig cefnogaeth frys iddyn nhw drwy fynd ati i fodloni eu hanghenion bwyd, o bantr\u00efau\" \/>\n<meta property=\"og:url\" content=\"https:\/\/fareshare.cymru\/cy\/ymaelodi-gyda-fareshare-cymru\/\" \/>\n<meta property=\"og:site_name\" content=\"FareShare Cymru\" \/>\n<meta property=\"article:publisher\" content=\"https:\/\/www.facebook.com\/faresharecymru\" \/>\n<meta property=\"article:modified_time\" content=\"2021-07-19T11:41:41+00:00\" \/>\n<meta property=\"og:image\" content=\"https:\/\/fareshare.cymru\/wp-content\/uploads\/2021\/03\/shutterstock_744664408.jpg\" \/>\n\t<meta property=\"og:image:width\" content=\"1920\" \/>\n\t<meta property=\"og:image:height\" content=\"1280\" \/>\n\t<meta property=\"og:image:type\" content=\"image\/jpeg\" \/>\n<meta name=\"twitter:card\" content=\"summary_large_image\" \/>\n<meta name=\"twitter:site\" content=\"@faresharecymru\" \/>\n<meta name=\"twitter:label1\" content=\"Est. reading time\" \/>\n\t<meta name=\"twitter:data1\" content=\"1 minute\" \/>\n<script type=\"application\/ld+json\" class=\"yoast-schema-graph\">{\"@context\":\"https:\\\/\\\/schema.org\",\"@graph\":[{\"@type\":\"WebPage\",\"@id\":\"https:\\\/\\\/fareshare.cymru\\\/cy\\\/ymaelodi-gyda-fareshare-cymru\\\/\",\"url\":\"https:\\\/\\\/fareshare.cymru\\\/cy\\\/ymaelodi-gyda-fareshare-cymru\\\/\",\"name\":\"Ymaelodi gyda FareShare Cymru - FareShare Cymru\",\"isPartOf\":{\"@id\":\"https:\\\/\\\/fareshare.cymru\\\/#website\"},\"primaryImageOfPage\":{\"@id\":\"https:\\\/\\\/fareshare.cymru\\\/cy\\\/ymaelodi-gyda-fareshare-cymru\\\/#primaryimage\"},\"image\":{\"@id\":\"https:\\\/\\\/fareshare.cymru\\\/cy\\\/ymaelodi-gyda-fareshare-cymru\\\/#primaryimage\"},\"thumbnailUrl\":\"https:\\\/\\\/fareshare.cymru\\\/wp-content\\\/uploads\\\/2023\\\/11\\\/NDF_1226-scaled.jpg\",\"datePublished\":\"2021-07-19T11:41:40+00:00\",\"dateModified\":\"2021-07-19T11:41:41+00:00\",\"breadcrumb\":{\"@id\":\"https:\\\/\\\/fareshare.cymru\\\/cy\\\/ymaelodi-gyda-fareshare-cymru\\\/#breadcrumb\"},\"inLanguage\":\"cy-GB\",\"potentialAction\":[{\"@type\":\"ReadAction\",\"target\":[\"https:\\\/\\\/fareshare.cymru\\\/cy\\\/ymaelodi-gyda-fareshare-cymru\\\/\"]}]},{\"@type\":\"ImageObject\",\"inLanguage\":\"cy-GB\",\"@id\":\"https:\\\/\\\/fareshare.cymru\\\/cy\\\/ymaelodi-gyda-fareshare-cymru\\\/#primaryimage\",\"url\":\"https:\\\/\\\/fareshare.cymru\\\/wp-content\\\/uploads\\\/2023\\\/11\\\/NDF_1226-scaled.jpg\",\"contentUrl\":\"https:\\\/\\\/fareshare.cymru\\\/wp-content\\\/uploads\\\/2023\\\/11\\\/NDF_1226-scaled.jpg\",\"width\":2560,\"height\":1704},{\"@type\":\"BreadcrumbList\",\"@id\":\"https:\\\/\\\/fareshare.cymru\\\/cy\\\/ymaelodi-gyda-fareshare-cymru\\\/#breadcrumb\",\"itemListElement\":[{\"@type\":\"ListItem\",\"position\":1,\"name\":\"Home\",\"item\":\"https:\\\/\\\/fareshare.cymru\\\/cy\\\/\"},{\"@type\":\"ListItem\",\"position\":2,\"name\":\"Ymaelodi gyda FareShare Cymru\"}]},{\"@type\":\"WebSite\",\"@id\":\"https:\\\/\\\/fareshare.cymru\\\/#website\",\"url\":\"https:\\\/\\\/fareshare.cymru\\\/\",\"name\":\"FareShare Cymru\",\"description\":\"\",\"publisher\":{\"@id\":\"https:\\\/\\\/fareshare.cymru\\\/#organization\"},\"potentialAction\":[{\"@type\":\"SearchAction\",\"target\":{\"@type\":\"EntryPoint\",\"urlTemplate\":\"https:\\\/\\\/fareshare.cymru\\\/?s={search_term_string}\"},\"query-input\":{\"@type\":\"PropertyValueSpecification\",\"valueRequired\":true,\"valueName\":\"search_term_string\"}}],\"inLanguage\":\"cy-GB\"},{\"@type\":\"Organization\",\"@id\":\"https:\\\/\\\/fareshare.cymru\\\/#organization\",\"name\":\"FareShare Cymru\",\"url\":\"https:\\\/\\\/fareshare.cymru\\\/\",\"logo\":{\"@type\":\"ImageObject\",\"inLanguage\":\"cy-GB\",\"@id\":\"https:\\\/\\\/fareshare.cymru\\\/#\\\/schema\\\/logo\\\/image\\\/\",\"url\":\"https:\\\/\\\/fareshare.cymru\\\/wp-content\\\/uploads\\\/2021\\\/05\\\/FS-Cymru-general-use-RGB-scaled.jpg\",\"contentUrl\":\"https:\\\/\\\/fareshare.cymru\\\/wp-content\\\/uploads\\\/2021\\\/05\\\/FS-Cymru-general-use-RGB-scaled.jpg\",\"width\":2560,\"height\":929,\"caption\":\"FareShare Cymru\"},\"image\":{\"@id\":\"https:\\\/\\\/fareshare.cymru\\\/#\\\/schema\\\/logo\\\/image\\\/\"},\"sameAs\":[\"https:\\\/\\\/www.facebook.com\\\/faresharecymru\",\"https:\\\/\\\/x.com\\\/faresharecymru\",\"https:\\\/\\\/www.instagram.com\\\/faresharecymru\",\"https:\\\/\\\/www.linkedin.com\\\/company\\\/faresharecymru\"]}]}<\/script>\n<!-- \/ Yoast SEO plugin. -->","yoast_head_json":{"title":"Ymaelodi gyda FareShare Cymru - FareShare Cymru","robots":{"index":"index","follow":"follow","max-snippet":"max-snippet:-1","max-image-preview":"max-image-preview:large","max-video-preview":"max-video-preview:-1"},"canonical":"https:\/\/fareshare.cymru\/cy\/ymaelodi-gyda-fareshare-cymru\/","og_locale":"cy_GB","og_type":"article","og_title":"Ymaelodi gyda FareShare Cymru - FareShare Cymru","og_description":"Rydym yn cydweithio gydag amrywiaeth eang o fudiadau gan gynnig cefnogaeth frys iddyn nhw drwy fynd ati i fodloni eu hanghenion bwyd, o bantr\u00efau","og_url":"https:\/\/fareshare.cymru\/cy\/ymaelodi-gyda-fareshare-cymru\/","og_site_name":"FareShare Cymru","article_publisher":"https:\/\/www.facebook.com\/faresharecymru","article_modified_time":"2021-07-19T11:41:41+00:00","og_image":[{"width":1920,"height":1280,"url":"https:\/\/fareshare.cymru\/wp-content\/uploads\/2021\/03\/shutterstock_744664408.jpg","type":"image\/jpeg"}],"twitter_card":"summary_large_image","twitter_site":"@faresharecymru","twitter_misc":{"Est. reading time":"1 minute"},"schema":{"@context":"https:\/\/schema.org","@graph":[{"@type":"WebPage","@id":"https:\/\/fareshare.cymru\/cy\/ymaelodi-gyda-fareshare-cymru\/","url":"https:\/\/fareshare.cymru\/cy\/ymaelodi-gyda-fareshare-cymru\/","name":"Ymaelodi gyda FareShare Cymru - FareShare Cymru","isPartOf":{"@id":"https:\/\/fareshare.cymru\/#website"},"primaryImageOfPage":{"@id":"https:\/\/fareshare.cymru\/cy\/ymaelodi-gyda-fareshare-cymru\/#primaryimage"},"image":{"@id":"https:\/\/fareshare.cymru\/cy\/ymaelodi-gyda-fareshare-cymru\/#primaryimage"},"thumbnailUrl":"https:\/\/fareshare.cymru\/wp-content\/uploads\/2023\/11\/NDF_1226-scaled.jpg","datePublished":"2021-07-19T11:41:40+00:00","dateModified":"2021-07-19T11:41:41+00:00","breadcrumb":{"@id":"https:\/\/fareshare.cymru\/cy\/ymaelodi-gyda-fareshare-cymru\/#breadcrumb"},"inLanguage":"cy-GB","potentialAction":[{"@type":"ReadAction","target":["https:\/\/fareshare.cymru\/cy\/ymaelodi-gyda-fareshare-cymru\/"]}]},{"@type":"ImageObject","inLanguage":"cy-GB","@id":"https:\/\/fareshare.cymru\/cy\/ymaelodi-gyda-fareshare-cymru\/#primaryimage","url":"https:\/\/fareshare.cymru\/wp-content\/uploads\/2023\/11\/NDF_1226-scaled.jpg","contentUrl":"https:\/\/fareshare.cymru\/wp-content\/uploads\/2023\/11\/NDF_1226-scaled.jpg","width":2560,"height":1704},{"@type":"BreadcrumbList","@id":"https:\/\/fareshare.cymru\/cy\/ymaelodi-gyda-fareshare-cymru\/#breadcrumb","itemListElement":[{"@type":"ListItem","position":1,"name":"Home","item":"https:\/\/fareshare.cymru\/cy\/"},{"@type":"ListItem","position":2,"name":"Ymaelodi gyda FareShare Cymru"}]},{"@type":"WebSite","@id":"https:\/\/fareshare.cymru\/#website","url":"https:\/\/fareshare.cymru\/","name":"FareShare Cymru","description":"","publisher":{"@id":"https:\/\/fareshare.cymru\/#organization"},"potentialAction":[{"@type":"SearchAction","target":{"@type":"EntryPoint","urlTemplate":"https:\/\/fareshare.cymru\/?s={search_term_string}"},"query-input":{"@type":"PropertyValueSpecification","valueRequired":true,"valueName":"search_term_string"}}],"inLanguage":"cy-GB"},{"@type":"Organization","@id":"https:\/\/fareshare.cymru\/#organization","name":"FareShare Cymru","url":"https:\/\/fareshare.cymru\/","logo":{"@type":"ImageObject","inLanguage":"cy-GB","@id":"https:\/\/fareshare.cymru\/#\/schema\/logo\/image\/","url":"https:\/\/fareshare.cymru\/wp-content\/uploads\/2021\/05\/FS-Cymru-general-use-RGB-scaled.jpg","contentUrl":"https:\/\/fareshare.cymru\/wp-content\/uploads\/2021\/05\/FS-Cymru-general-use-RGB-scaled.jpg","width":2560,"height":929,"caption":"FareShare Cymru"},"image":{"@id":"https:\/\/fareshare.cymru\/#\/schema\/logo\/image\/"},"sameAs":["https:\/\/www.facebook.com\/faresharecymru","https:\/\/x.com\/faresharecymru","https:\/\/www.instagram.com\/faresharecymru","https:\/\/www.linkedin.com\/company\/faresharecymru"]}]}},"_links":{"self":[{"href":"https:\/\/fareshare.cymru\/cy\/wp-json\/wp\/v2\/pages\/1220","targetHints":{"allow":["GET"]}}],"collection":[{"href":"https:\/\/fareshare.cymru\/cy\/wp-json\/wp\/v2\/pages"}],"about":[{"href":"https:\/\/fareshare.cymru\/cy\/wp-json\/wp\/v2\/types\/page"}],"author":[{"embeddable":true,"href":"https:\/\/fareshare.cymru\/cy\/wp-json\/wp\/v2\/users\/1"}],"replies":[{"embeddable":true,"href":"https:\/\/fareshare.cymru\/cy\/wp-json\/wp\/v2\/comments?post=1220"}],"version-history":[{"count":1,"href":"https:\/\/fareshare.cymru\/cy\/wp-json\/wp\/v2\/pages\/1220\/revisions"}],"predecessor-version":[{"id":1221,"href":"https:\/\/fareshare.cymru\/cy\/wp-json\/wp\/v2\/pages\/1220\/revisions\/1221"}],"wp:featuredmedia":[{"embeddable":true,"href":"https:\/\/fareshare.cymru\/cy\/wp-json\/wp\/v2\/media\/3703"}],"wp:attachment":[{"href":"https:\/\/fareshare.cymru\/cy\/wp-json\/wp\/v2\/media?parent=1220"}],"curies":[{"name":"wp","href":"https:\/\/api.w.org\/{rel}","templated":true}]}}