{"id":1175,"date":"2021-07-16T11:25:10","date_gmt":"2021-07-16T10:25:10","guid":{"rendered":"https:\/\/fareshare.cymru\/swyddi-gwag\/"},"modified":"2023-01-04T15:18:02","modified_gmt":"2023-01-04T15:18:02","slug":"swyddi-gwag","status":"publish","type":"page","link":"https:\/\/fareshare.cymru\/cy\/swyddi-gwag\/","title":{"rendered":"Swyddi Gwag"},"content":{"rendered":"\n<p><strong>Mae FareShare Cymru yn recriwtio!<\/strong><\/p>\n\n\n\n<p>Rydym yn recriwtio ar gyfer dwy r\u00f4l newydd i fod yn rhan o&#8217;n stori!<\/p>\n\n\n\n<p><strong>Cydlynydd Codi Arian<\/strong><\/p>\n\n\n\n<p>Mae hon yn r\u00f4l newydd o fewn ein t\u00eem datblygu. Rydym yn chwilio am unigolyn egn\u00efol a brwdfrydig sydd \u00e2 hanes o gynhyrchu incwm sylweddol i ymuno \u00e2 ni yn ein cyfnod twf nesaf. Prif bwrpas y r\u00f4l fydd codi incwm i dalu costau rhedeg warws ychwanegol a phrosiectau\/meysydd gwaith newydd. Bydd hyn yn cynnwys tyfu perthynas ag, ac ysgrifennu cynigion ar gyfer Ymddiriedolaethau a Sefydliadau, wrth adeiladu rhwydwaith o bartneriaid corfforaethol.<\/p>\n\n\n\n<p>Mae\u2019r r\u00f4l hon yn swydd hybrid, gydag amser yn cael ei rannu rhwng ein swyddfeydd yng Nghaerdydd a chartref. Efallai y bydd y r\u00f4l yn gofyn i ddeiliad y swydd deithio ledled Cymru a mynychu digwyddiadau y tu allan i oriau arferol.<\/p>\n\n\n\n<div class=\"wp-block-buttons is-layout-flex wp-block-buttons-is-layout-flex\">\n<div class=\"wp-block-button\"><a class=\"wp-block-button__link wp-element-button\" href=\"https:\/\/faresharecymru-my.sharepoint.com\/personal\/macsen_fareshare_cymru\/Documents\/Desktop\/Jobs\/Fundraising%20Job%20Description%20and%20person%20specification%20CYMRAEG.pdf\" target=\"_blank\" rel=\"noreferrer noopener\">Disgrifiad Swydd a Manyleb y Person Cydlynydd Codi Arian<\/a><\/div>\n<\/div>\n\n\n\n<p><\/p>\n\n\n\n<p><strong>Cydlynydd Datblygu Gweithredol<\/strong><\/p>\n\n\n\n<p>Mae\u2019r swydd hon yn r\u00f4l newydd mewn ymateb i\u2019r ddwy flynedd olaf o dwf cyflym yr elusen mewn gweithrediadau. Rydym yn chwilio am unigolyn egn\u00efol a brwdfrydig, sy\u2019n frwd dros dlodi bwyd a gwastraff bwyd yng Nghymru. Prif bwrpas y r\u00f4l fydd cynnal a gwella safonau gweithredu ar draws y sefydliad, gan weithio&#8217;n agos gyda chydweithwyr a gwirfoddolwyr timau gweithrediadau a datblygu.<\/p>\n\n\n\n<p>Mae&#8217;r r\u00f4l hon wedi&#8217;i lleoli yn ein warws yng Nghaerdydd, mae rhywfaint o weithio gartref yn bosibl. Mae trwydded yrru l\u00e2n lawn yn hanfodol.<\/p>\n\n\n\n<div class=\"wp-block-buttons is-layout-flex wp-block-buttons-is-layout-flex\">\n<div class=\"wp-block-button\"><a class=\"wp-block-button__link wp-element-button\" href=\"https:\/\/faresharecymru-my.sharepoint.com\/personal\/macsen_fareshare_cymru\/Documents\/Desktop\/Jobs\/Operational%20Development%20Coordinator%20JD%20and%20person%20specification%20CYMRAEG.pdf\" target=\"_blank\" rel=\"noreferrer noopener\">Disgrifiad Swydd a Manyleb y Person Cydlynydd Datblygu Gweithredol<\/a><\/div>\n<\/div>\n\n\n\n<p><\/p>\n\n\n\n<p><strong>I wneud cais, anfonwch eich CV a datganiad ategol, gan gyfeirio at y pwyntiau yn y disgrifiad swydd a manyleb y person i swyddi@fareshare.cymru<\/strong><\/p>\n\n\n\n<p>Y dyddiad cau ar gyfer pob cais yw <strong>12:00 ddydd Gwener 3 Chwefror 2023.<\/strong><\/p>\n\n\n\n<p>Yn anffodus, ni fyddwn yn gallu ymateb i bob ymgeisydd ac os nad ydych wedi clywed gennym, gofynnwn i chi ystyried eich bod wedi bod yn aflwyddiannus y tro hwn.<\/p>\n\n\n\n<p>Beth am ymuno gydag ein t\u00eem anhygoel a\u2019n cynorthwyo i drechu gwastraff bwyd a mynd ati i ddosbarthu bwyd dros ben o safon i elusennau a grwpiau cymunedol ledled Cymru.. <\/p>\n\n\n\n<p>Byddwn yn cyflwyno unrhyw gyfleoedd swyddi newydd ar y dudalen hon \u2013 darllenwch isod i weld sut gallwch chi fod hyn rhan o d\u00eem y dyfodol! <\/p>\n\n\n\n<p>Os hoffech chi drafod gwirfoddoli gyda ni,\u202f<a href=\"https:\/\/fareshare.cymru\/cy\/gwirfoddoli-gyda-ni\/\"><strong>ewch i&#8217;n tudalen gwirfoddoli i wybod mwy.<\/strong><\/a><\/p>\n\n\n\n<p><\/p>\n\n\n\n<p><\/p>\n\n\n\n<div class=\"wp-block-group\"><div class=\"wp-block-group__inner-container is-layout-flow wp-block-group-is-layout-flow\">\n<p><\/p>\n\n\n\n<h3 class=\"wp-block-heading\" id=\"living-wage-employer\">Living Wage Employer <\/h3>\n\n\n\n<figure class=\"wp-block-image size-large is-resized\"><img loading=\"lazy\" decoding=\"async\" src=\"https:\/\/fareshare.cymru\/wp-content\/uploads\/2021\/08\/LW-Employer-logo-transparent-1200x947.png\" alt=\"\" class=\"wp-image-1367\" width=\"169\" height=\"133\" srcset=\"https:\/\/fareshare.cymru\/wp-content\/uploads\/2021\/08\/LW-Employer-logo-transparent-1200x947.png 1200w, https:\/\/fareshare.cymru\/wp-content\/uploads\/2021\/08\/LW-Employer-logo-transparent-600x473.png 600w, https:\/\/fareshare.cymru\/wp-content\/uploads\/2021\/08\/LW-Employer-logo-transparent-768x606.png 768w, https:\/\/fareshare.cymru\/wp-content\/uploads\/2021\/08\/LW-Employer-logo-transparent-1536x1212.png 1536w, https:\/\/fareshare.cymru\/wp-content\/uploads\/2021\/08\/LW-Employer-logo-transparent-2048x1616.png 2048w\" sizes=\"auto, (max-width: 169px) 100vw, 169px\" \/><\/figure>\n\n\n\n<p>Y Cyflog Byw go iawn yw\u2019r unig gyfradd cyflog yn y DU sy\u2019n cael ei thalu\u2019n wirfoddol gan dros 7,000 o fusnesau yn y DU sy\u2019n credu bod eu staff yn haeddu cyflog sy\u2019n diwallu anghenion bob dydd &#8211; fel y siop wythnosol, neu daith syndod i\u2019r deintydd.<\/p>\n<\/div><\/div>\n\n\n\n<section class=\"bg-light fullwidth block-bottom pad-top pad-bottom remove-bottom-margin\" aria-label=\"Posts list content\">\n\t<div class=\"container fullwidth\">\n\t\t\t\t<div class=\"d-flex flex-wrap\">\n\t\t\t\t\t\t\t<div class=\"col-12 col-md-6 col-lg\">\n\t\t\t\t\t<div class=\"hover-block position-relative d-flex flex-column justify-content-center align-items-center overflow-hidden block-bottom landscape-pad w-100\" data-aos=\"fade-in\" data-aos-duration=\"1000\">\n\n\t\t<div class=\"img-wrap position-absolute blockfill d-flex justify-content-center align-items-center z-1\">\n\t\t<img loading=\"lazy\" decoding=\"async\" width=\"1200\" height=\"799\" src=\"https:\/\/fareshare.cymru\/wp-content\/uploads\/2024\/01\/NDF_1236-1200x799.jpg\" class=\"cover-img wp-post-image\" alt=\"\" srcset=\"https:\/\/fareshare.cymru\/wp-content\/uploads\/2024\/01\/NDF_1236-1200x799.jpg 1200w, https:\/\/fareshare.cymru\/wp-content\/uploads\/2024\/01\/NDF_1236-600x399.jpg 600w, https:\/\/fareshare.cymru\/wp-content\/uploads\/2024\/01\/NDF_1236-300x200.jpg 300w, https:\/\/fareshare.cymru\/wp-content\/uploads\/2024\/01\/NDF_1236-768x511.jpg 768w, https:\/\/fareshare.cymru\/wp-content\/uploads\/2024\/01\/NDF_1236-1536x1022.jpg 1536w, https:\/\/fareshare.cymru\/wp-content\/uploads\/2024\/01\/NDF_1236-2048x1363.jpg 2048w\" sizes=\"auto, (max-width: 1200px) 100vw, 1200px\" \/>\t\t<div class=\"img-fade-gradient position-absolute blockfill\"><\/div>\n\t<\/div>\n\t\n\t<div class=\"hover-head position-absolute blockfill z-2 text-white text-center d-flex align-items-center justify-content-end flex-column p-3\">\n\t\t<h3 class=\"hover-title\">Partneriaethau Corfforaethol<\/h3>\n\t\t<div class=\"hover-excerpt\">\n\t\t\t<small>\n\t\t\t\t<p>Os ydych chi\u2019n fusnes bach neu\u2019n gorfforaeth sylweddol, mae sawl ffordd gallai eich cwmni chi gydweithio gyda ni, cefnogi FareShare Cymru ac effeithio\u2019n uniongyrchol <\/p>\n\t\t\t<\/small>\n\t\t\t<a href=\"https:\/\/fareshare.cymru\/cy\/partneriaethau-corfforaethol\/\" class=\"btn hover-more btn-outline-light btn-sm\" itemprop=\"url\">Find out more<\/a>\n\t\t<\/div>\n\t<\/div>\n\n\t<a class=\"biglink position-absolute blockfill z-3\" href=\"https:\/\/fareshare.cymru\/cy\/partneriaethau-corfforaethol\/\" aria-label=\"Link to read full article\" itemprop=\"url\"><\/a>\n<\/div>\t\t\t\t<\/div>\n\t\t\t\t\t\t\t<div class=\"col-12 col-md-6 col-lg\">\n\t\t\t\t\t<div class=\"hover-block position-relative d-flex flex-column justify-content-center align-items-center overflow-hidden block-bottom landscape-pad w-100\" data-aos=\"fade-in\" data-aos-duration=\"1000\">\n\n\t\t<div class=\"img-wrap position-absolute blockfill d-flex justify-content-center align-items-center z-1\">\n\t\t<img loading=\"lazy\" decoding=\"async\" width=\"1200\" height=\"800\" src=\"https:\/\/fareshare.cymru\/wp-content\/uploads\/2021\/04\/Cans-003-1200x800.jpg\" class=\"cover-img wp-post-image\" alt=\"\" srcset=\"https:\/\/fareshare.cymru\/wp-content\/uploads\/2021\/04\/Cans-003-1200x800.jpg 1200w, https:\/\/fareshare.cymru\/wp-content\/uploads\/2021\/04\/Cans-003-600x400.jpg 600w, https:\/\/fareshare.cymru\/wp-content\/uploads\/2021\/04\/Cans-003-768x512.jpg 768w, https:\/\/fareshare.cymru\/wp-content\/uploads\/2021\/04\/Cans-003-1536x1024.jpg 1536w, https:\/\/fareshare.cymru\/wp-content\/uploads\/2021\/04\/Cans-003-2048x1365.jpg 2048w\" sizes=\"auto, (max-width: 1200px) 100vw, 1200px\" \/>\t\t<div class=\"img-fade-gradient position-absolute blockfill\"><\/div>\n\t<\/div>\n\t\n\t<div class=\"hover-head position-absolute blockfill z-2 text-white text-center d-flex align-items-center justify-content-end flex-column p-3\">\n\t\t<h3 class=\"hover-title\">Cyfrannu<\/h3>\n\t\t<div class=\"hover-excerpt\">\n\t\t\t<small>\n\t\t\t\t<p>Mae FareShare Cymru yn elusen fach ac annibynnol sy\u2019n dibynnu\u2019n llwyr ar gyfraniadau a grantiau i barhau gydag ein gwaith. Gallwn gyflawni llawer iawn <\/p>\n\t\t\t<\/small>\n\t\t\t<a href=\"https:\/\/fareshare.cymru\/cy\/cyfrannu\/\" class=\"btn hover-more btn-outline-light btn-sm\" itemprop=\"url\">Find out more<\/a>\n\t\t<\/div>\n\t<\/div>\n\n\t<a class=\"biglink position-absolute blockfill z-3\" href=\"https:\/\/fareshare.cymru\/cy\/cyfrannu\/\" aria-label=\"Link to read full article\" itemprop=\"url\"><\/a>\n<\/div>\t\t\t\t<\/div>\n\t\t\t\t\t\t\t<div class=\"col-12 col-md-6 col-lg\">\n\t\t\t\t\t<div class=\"hover-block position-relative d-flex flex-column justify-content-center align-items-center overflow-hidden block-bottom landscape-pad w-100\" data-aos=\"fade-in\" data-aos-duration=\"1000\">\n\n\t\t<div class=\"img-wrap position-absolute blockfill d-flex justify-content-center align-items-center z-1\">\n\t\t<img loading=\"lazy\" decoding=\"async\" width=\"1200\" height=\"800\" src=\"https:\/\/fareshare.cymru\/wp-content\/uploads\/2021\/11\/FS_Work_Masks-2-1200x800.webp\" class=\"cover-img wp-post-image\" alt=\"\" srcset=\"https:\/\/fareshare.cymru\/wp-content\/uploads\/2021\/11\/FS_Work_Masks-2-1200x800.webp 1200w, https:\/\/fareshare.cymru\/wp-content\/uploads\/2021\/11\/FS_Work_Masks-2-600x400.webp 600w, https:\/\/fareshare.cymru\/wp-content\/uploads\/2021\/11\/FS_Work_Masks-2-768x512.webp 768w, https:\/\/fareshare.cymru\/wp-content\/uploads\/2021\/11\/FS_Work_Masks-2-1536x1024.webp 1536w, https:\/\/fareshare.cymru\/wp-content\/uploads\/2021\/11\/FS_Work_Masks-2-2048x1365.webp 2048w\" sizes=\"auto, (max-width: 1200px) 100vw, 1200px\" \/>\t\t<div class=\"img-fade-gradient position-absolute blockfill\"><\/div>\n\t<\/div>\n\t\n\t<div class=\"hover-head position-absolute blockfill z-2 text-white text-center d-flex align-items-center justify-content-end flex-column p-3\">\n\t\t<h3 class=\"hover-title\">Swyddi Gwag<\/h3>\n\t\t<div class=\"hover-excerpt\">\n\t\t\t<small>\n\t\t\t\t<p>Mae FareShare Cymru yn recriwtio! Rydym yn recriwtio ar gyfer dwy r\u00f4l newydd i fod yn rhan o&#8217;n stori! Cydlynydd Codi Arian Mae hon <\/p>\n\t\t\t<\/small>\n\t\t\t<a href=\"https:\/\/fareshare.cymru\/cy\/swyddi-gwag\/\" class=\"btn hover-more btn-outline-light btn-sm\" itemprop=\"url\">Find out more<\/a>\n\t\t<\/div>\n\t<\/div>\n\n\t<a class=\"biglink position-absolute blockfill z-3\" href=\"https:\/\/fareshare.cymru\/cy\/swyddi-gwag\/\" aria-label=\"Link to read full article\" itemprop=\"url\"><\/a>\n<\/div>\t\t\t\t<\/div>\n\t\t\t\t\t<\/div>\n\t<\/div>\n<\/section>\n\n\n\n<p><\/p>\n","protected":false},"excerpt":{"rendered":"<p>Mae FareShare Cymru yn recriwtio! Rydym yn recriwtio ar gyfer dwy r\u00f4l newydd i fod yn rhan o&#8217;n stori! Cydlynydd Codi Arian Mae hon <\/p>\n","protected":false},"author":1,"featured_media":1899,"parent":0,"menu_order":0,"comment_status":"closed","ping_status":"closed","template":"","meta":{"_acf_changed":false,"_monsterinsights_skip_tracking":false,"_monsterinsights_sitenote_active":false,"_monsterinsights_sitenote_note":"","_monsterinsights_sitenote_category":0,"footnotes":""},"class_list":["post-1175","page","type-page","status-publish","has-post-thumbnail","hentry"],"acf":[],"yoast_head":"<!-- This site is optimized with the Yoast SEO plugin v27.4 - https:\/\/yoast.com\/product\/yoast-seo-wordpress\/ -->\n<title>Swyddi Gwag - FareShare Cymru<\/title>\n<meta name=\"robots\" content=\"index, follow, max-snippet:-1, max-image-preview:large, max-video-preview:-1\" \/>\n<link rel=\"canonical\" href=\"https:\/\/fareshare.cymru\/cy\/swyddi-gwag\/\" \/>\n<meta property=\"og:locale\" content=\"cy_GB\" \/>\n<meta property=\"og:type\" content=\"article\" \/>\n<meta property=\"og:title\" content=\"Swyddi Gwag - FareShare Cymru\" \/>\n<meta property=\"og:description\" content=\"Mae FareShare Cymru yn recriwtio! Rydym yn recriwtio ar gyfer dwy r\u00f4l newydd i fod yn rhan o&#8217;n stori! Cydlynydd Codi Arian Mae hon\" \/>\n<meta property=\"og:url\" content=\"https:\/\/fareshare.cymru\/cy\/swyddi-gwag\/\" \/>\n<meta property=\"og:site_name\" content=\"FareShare Cymru\" \/>\n<meta property=\"article:publisher\" content=\"https:\/\/www.facebook.com\/faresharecymru\" \/>\n<meta property=\"article:modified_time\" content=\"2023-01-04T15:18:02+00:00\" \/>\n<meta property=\"og:image\" content=\"https:\/\/fareshare.cymru\/wp-content\/uploads\/2021\/11\/FS_Work_Masks-2-scaled-e1637248464412.webp\" \/>\n\t<meta property=\"og:image:width\" content=\"2560\" \/>\n\t<meta property=\"og:image:height\" content=\"1707\" \/>\n\t<meta property=\"og:image:type\" content=\"image\/webp\" \/>\n<meta name=\"twitter:card\" content=\"summary_large_image\" \/>\n<meta name=\"twitter:site\" content=\"@faresharecymru\" \/>\n<meta name=\"twitter:label1\" content=\"Est. reading time\" \/>\n\t<meta name=\"twitter:data1\" content=\"3 minutes\" \/>\n<script type=\"application\/ld+json\" class=\"yoast-schema-graph\">{\"@context\":\"https:\\\/\\\/schema.org\",\"@graph\":[{\"@type\":\"WebPage\",\"@id\":\"https:\\\/\\\/fareshare.cymru\\\/cy\\\/swyddi-gwag\\\/\",\"url\":\"https:\\\/\\\/fareshare.cymru\\\/cy\\\/swyddi-gwag\\\/\",\"name\":\"Swyddi Gwag - FareShare Cymru\",\"isPartOf\":{\"@id\":\"https:\\\/\\\/fareshare.cymru\\\/#website\"},\"primaryImageOfPage\":{\"@id\":\"https:\\\/\\\/fareshare.cymru\\\/cy\\\/swyddi-gwag\\\/#primaryimage\"},\"image\":{\"@id\":\"https:\\\/\\\/fareshare.cymru\\\/cy\\\/swyddi-gwag\\\/#primaryimage\"},\"thumbnailUrl\":\"https:\\\/\\\/fareshare.cymru\\\/wp-content\\\/uploads\\\/2021\\\/11\\\/FS_Work_Masks-2-scaled-e1637248464412.webp\",\"datePublished\":\"2021-07-16T10:25:10+00:00\",\"dateModified\":\"2023-01-04T15:18:02+00:00\",\"breadcrumb\":{\"@id\":\"https:\\\/\\\/fareshare.cymru\\\/cy\\\/swyddi-gwag\\\/#breadcrumb\"},\"inLanguage\":\"cy-GB\",\"potentialAction\":[{\"@type\":\"ReadAction\",\"target\":[\"https:\\\/\\\/fareshare.cymru\\\/cy\\\/swyddi-gwag\\\/\"]}]},{\"@type\":\"ImageObject\",\"inLanguage\":\"cy-GB\",\"@id\":\"https:\\\/\\\/fareshare.cymru\\\/cy\\\/swyddi-gwag\\\/#primaryimage\",\"url\":\"https:\\\/\\\/fareshare.cymru\\\/wp-content\\\/uploads\\\/2021\\\/11\\\/FS_Work_Masks-2-scaled-e1637248464412.webp\",\"contentUrl\":\"https:\\\/\\\/fareshare.cymru\\\/wp-content\\\/uploads\\\/2021\\\/11\\\/FS_Work_Masks-2-scaled-e1637248464412.webp\",\"width\":2560,\"height\":1707},{\"@type\":\"BreadcrumbList\",\"@id\":\"https:\\\/\\\/fareshare.cymru\\\/cy\\\/swyddi-gwag\\\/#breadcrumb\",\"itemListElement\":[{\"@type\":\"ListItem\",\"position\":1,\"name\":\"Home\",\"item\":\"https:\\\/\\\/fareshare.cymru\\\/cy\\\/\"},{\"@type\":\"ListItem\",\"position\":2,\"name\":\"Swyddi Gwag\"}]},{\"@type\":\"WebSite\",\"@id\":\"https:\\\/\\\/fareshare.cymru\\\/#website\",\"url\":\"https:\\\/\\\/fareshare.cymru\\\/\",\"name\":\"FareShare Cymru\",\"description\":\"\",\"publisher\":{\"@id\":\"https:\\\/\\\/fareshare.cymru\\\/#organization\"},\"potentialAction\":[{\"@type\":\"SearchAction\",\"target\":{\"@type\":\"EntryPoint\",\"urlTemplate\":\"https:\\\/\\\/fareshare.cymru\\\/?s={search_term_string}\"},\"query-input\":{\"@type\":\"PropertyValueSpecification\",\"valueRequired\":true,\"valueName\":\"search_term_string\"}}],\"inLanguage\":\"cy-GB\"},{\"@type\":\"Organization\",\"@id\":\"https:\\\/\\\/fareshare.cymru\\\/#organization\",\"name\":\"FareShare Cymru\",\"url\":\"https:\\\/\\\/fareshare.cymru\\\/\",\"logo\":{\"@type\":\"ImageObject\",\"inLanguage\":\"cy-GB\",\"@id\":\"https:\\\/\\\/fareshare.cymru\\\/#\\\/schema\\\/logo\\\/image\\\/\",\"url\":\"https:\\\/\\\/fareshare.cymru\\\/wp-content\\\/uploads\\\/2021\\\/05\\\/FS-Cymru-general-use-RGB-scaled.jpg\",\"contentUrl\":\"https:\\\/\\\/fareshare.cymru\\\/wp-content\\\/uploads\\\/2021\\\/05\\\/FS-Cymru-general-use-RGB-scaled.jpg\",\"width\":2560,\"height\":929,\"caption\":\"FareShare Cymru\"},\"image\":{\"@id\":\"https:\\\/\\\/fareshare.cymru\\\/#\\\/schema\\\/logo\\\/image\\\/\"},\"sameAs\":[\"https:\\\/\\\/www.facebook.com\\\/faresharecymru\",\"https:\\\/\\\/x.com\\\/faresharecymru\",\"https:\\\/\\\/www.instagram.com\\\/faresharecymru\",\"https:\\\/\\\/www.linkedin.com\\\/company\\\/faresharecymru\"]}]}<\/script>\n<!-- \/ Yoast SEO plugin. -->","yoast_head_json":{"title":"Swyddi Gwag - FareShare Cymru","robots":{"index":"index","follow":"follow","max-snippet":"max-snippet:-1","max-image-preview":"max-image-preview:large","max-video-preview":"max-video-preview:-1"},"canonical":"https:\/\/fareshare.cymru\/cy\/swyddi-gwag\/","og_locale":"cy_GB","og_type":"article","og_title":"Swyddi Gwag - FareShare Cymru","og_description":"Mae FareShare Cymru yn recriwtio! Rydym yn recriwtio ar gyfer dwy r\u00f4l newydd i fod yn rhan o&#8217;n stori! Cydlynydd Codi Arian Mae hon","og_url":"https:\/\/fareshare.cymru\/cy\/swyddi-gwag\/","og_site_name":"FareShare Cymru","article_publisher":"https:\/\/www.facebook.com\/faresharecymru","article_modified_time":"2023-01-04T15:18:02+00:00","og_image":[{"width":2560,"height":1707,"url":"https:\/\/fareshare.cymru\/wp-content\/uploads\/2021\/11\/FS_Work_Masks-2-scaled-e1637248464412.webp","type":"image\/webp"}],"twitter_card":"summary_large_image","twitter_site":"@faresharecymru","twitter_misc":{"Est. reading time":"3 minutes"},"schema":{"@context":"https:\/\/schema.org","@graph":[{"@type":"WebPage","@id":"https:\/\/fareshare.cymru\/cy\/swyddi-gwag\/","url":"https:\/\/fareshare.cymru\/cy\/swyddi-gwag\/","name":"Swyddi Gwag - FareShare Cymru","isPartOf":{"@id":"https:\/\/fareshare.cymru\/#website"},"primaryImageOfPage":{"@id":"https:\/\/fareshare.cymru\/cy\/swyddi-gwag\/#primaryimage"},"image":{"@id":"https:\/\/fareshare.cymru\/cy\/swyddi-gwag\/#primaryimage"},"thumbnailUrl":"https:\/\/fareshare.cymru\/wp-content\/uploads\/2021\/11\/FS_Work_Masks-2-scaled-e1637248464412.webp","datePublished":"2021-07-16T10:25:10+00:00","dateModified":"2023-01-04T15:18:02+00:00","breadcrumb":{"@id":"https:\/\/fareshare.cymru\/cy\/swyddi-gwag\/#breadcrumb"},"inLanguage":"cy-GB","potentialAction":[{"@type":"ReadAction","target":["https:\/\/fareshare.cymru\/cy\/swyddi-gwag\/"]}]},{"@type":"ImageObject","inLanguage":"cy-GB","@id":"https:\/\/fareshare.cymru\/cy\/swyddi-gwag\/#primaryimage","url":"https:\/\/fareshare.cymru\/wp-content\/uploads\/2021\/11\/FS_Work_Masks-2-scaled-e1637248464412.webp","contentUrl":"https:\/\/fareshare.cymru\/wp-content\/uploads\/2021\/11\/FS_Work_Masks-2-scaled-e1637248464412.webp","width":2560,"height":1707},{"@type":"BreadcrumbList","@id":"https:\/\/fareshare.cymru\/cy\/swyddi-gwag\/#breadcrumb","itemListElement":[{"@type":"ListItem","position":1,"name":"Home","item":"https:\/\/fareshare.cymru\/cy\/"},{"@type":"ListItem","position":2,"name":"Swyddi Gwag"}]},{"@type":"WebSite","@id":"https:\/\/fareshare.cymru\/#website","url":"https:\/\/fareshare.cymru\/","name":"FareShare Cymru","description":"","publisher":{"@id":"https:\/\/fareshare.cymru\/#organization"},"potentialAction":[{"@type":"SearchAction","target":{"@type":"EntryPoint","urlTemplate":"https:\/\/fareshare.cymru\/?s={search_term_string}"},"query-input":{"@type":"PropertyValueSpecification","valueRequired":true,"valueName":"search_term_string"}}],"inLanguage":"cy-GB"},{"@type":"Organization","@id":"https:\/\/fareshare.cymru\/#organization","name":"FareShare Cymru","url":"https:\/\/fareshare.cymru\/","logo":{"@type":"ImageObject","inLanguage":"cy-GB","@id":"https:\/\/fareshare.cymru\/#\/schema\/logo\/image\/","url":"https:\/\/fareshare.cymru\/wp-content\/uploads\/2021\/05\/FS-Cymru-general-use-RGB-scaled.jpg","contentUrl":"https:\/\/fareshare.cymru\/wp-content\/uploads\/2021\/05\/FS-Cymru-general-use-RGB-scaled.jpg","width":2560,"height":929,"caption":"FareShare Cymru"},"image":{"@id":"https:\/\/fareshare.cymru\/#\/schema\/logo\/image\/"},"sameAs":["https:\/\/www.facebook.com\/faresharecymru","https:\/\/x.com\/faresharecymru","https:\/\/www.instagram.com\/faresharecymru","https:\/\/www.linkedin.com\/company\/faresharecymru"]}]}},"_links":{"self":[{"href":"https:\/\/fareshare.cymru\/cy\/wp-json\/wp\/v2\/pages\/1175","targetHints":{"allow":["GET"]}}],"collection":[{"href":"https:\/\/fareshare.cymru\/cy\/wp-json\/wp\/v2\/pages"}],"about":[{"href":"https:\/\/fareshare.cymru\/cy\/wp-json\/wp\/v2\/types\/page"}],"author":[{"embeddable":true,"href":"https:\/\/fareshare.cymru\/cy\/wp-json\/wp\/v2\/users\/1"}],"replies":[{"embeddable":true,"href":"https:\/\/fareshare.cymru\/cy\/wp-json\/wp\/v2\/comments?post=1175"}],"version-history":[{"count":18,"href":"https:\/\/fareshare.cymru\/cy\/wp-json\/wp\/v2\/pages\/1175\/revisions"}],"predecessor-version":[{"id":3116,"href":"https:\/\/fareshare.cymru\/cy\/wp-json\/wp\/v2\/pages\/1175\/revisions\/3116"}],"wp:featuredmedia":[{"embeddable":true,"href":"https:\/\/fareshare.cymru\/cy\/wp-json\/wp\/v2\/media\/1899"}],"wp:attachment":[{"href":"https:\/\/fareshare.cymru\/cy\/wp-json\/wp\/v2\/media?parent=1175"}],"curies":[{"name":"wp","href":"https:\/\/api.w.org\/{rel}","templated":true}]}}